{"id":922,"date":"2022-04-18T11:17:52","date_gmt":"2022-04-18T08:17:52","guid":{"rendered":"https:\/\/torosticaret.com.tr\/?page_id=922"},"modified":"2022-04-18T14:21:57","modified_gmt":"2022-04-18T11:21:57","slug":"medya","status":"publish","type":"page","link":"https:\/\/torosticaret.com.tr\/?page_id=922","title":{"rendered":"Medya"},"content":{"rendered":"\t\t<div data-elementor-type=\"wp-page\" data-elementor-id=\"922\" class=\"elementor elementor-922\">\n\t\t\t\t\t\t\t\t\t<section class=\"elementor-section elementor-top-section elementor-element elementor-element-8be1f0b elementor-section-full_width elementor-section-height-default elementor-section-height-default\" data-id=\"8be1f0b\" data-element_type=\"section\">\n\t\t\t\t\t\t<div class=\"elementor-container elementor-column-gap-default\">\n\t\t\t\t\t<div class=\"elementor-column elementor-col-100 elementor-top-column elementor-element elementor-element-b5bae3a\" data-id=\"b5bae3a\" data-element_type=\"column\">\n\t\t\t<div class=\"elementor-widget-wrap elementor-element-populated\">\n\t\t\t\t\t\t\t\t<div class=\"elementor-element elementor-element-34f0521 elementor-widget elementor-widget-image\" data-id=\"34f0521\" data-element_type=\"widget\" data-widget_type=\"image.default\">\n\t\t\t\t<div class=\"elementor-widget-container\">\n\t\t\t<style>\/*! elementor - v3.6.4 - 13-04-2022 *\/\n.elementor-widget-image{text-align:center}.elementor-widget-image a{display:inline-block}.elementor-widget-image a img[src$=\".svg\"]{width:48px}.elementor-widget-image img{vertical-align:middle;display:inline-block}<\/style>\t\t\t\t\t\t\t\t\t\t\t\t<img decoding=\"async\" width=\"1600\" height=\"303\" src=\"https:\/\/torosticaret.com.tr\/wp-content\/uploads\/2022\/04\/medya.jpg\" class=\"attachment-full size-full\" alt=\"\" srcset=\"https:\/\/torosticaret.com.tr\/wp-content\/uploads\/2022\/04\/medya.jpg 1600w, https:\/\/torosticaret.com.tr\/wp-content\/uploads\/2022\/04\/medya-300x57.jpg 300w, https:\/\/torosticaret.com.tr\/wp-content\/uploads\/2022\/04\/medya-1024x194.jpg 1024w, https:\/\/torosticaret.com.tr\/wp-content\/uploads\/2022\/04\/medya-768x145.jpg 768w, https:\/\/torosticaret.com.tr\/wp-content\/uploads\/2022\/04\/medya-1536x291.jpg 1536w\" sizes=\"(max-width: 1600px) 100vw, 1600px\" \/>\t\t\t\t\t\t\t\t\t\t\t\t\t\t\t<\/div>\n\t\t\t\t<\/div>\n\t\t\t\t\t<\/div>\n\t\t<\/div>\n\t\t\t\t\t\t\t<\/div>\n\t\t<\/section>\n\t\t\t\t<section class=\"elementor-section elementor-top-section elementor-element elementor-element-fdee433 elementor-section-full_width elementor-section-height-default elementor-section-height-default\" data-id=\"fdee433\" data-element_type=\"section\">\n\t\t\t\t\t\t<div class=\"elementor-container elementor-column-gap-default\">\n\t\t\t\t\t<div class=\"elementor-column elementor-col-50 elementor-top-column elementor-element elementor-element-2c78d37\" data-id=\"2c78d37\" data-element_type=\"column\">\n\t\t\t<div class=\"elementor-widget-wrap elementor-element-populated\">\n\t\t\t\t\t\t\t\t<div class=\"elementor-element elementor-element-328cb5e elementor-widget elementor-widget-heading\" data-id=\"328cb5e\" data-element_type=\"widget\" data-widget_type=\"heading.default\">\n\t\t\t\t<div class=\"elementor-widget-container\">\n\t\t\t<style>\/*! elementor - v3.6.4 - 13-04-2022 *\/\n.elementor-heading-title{padding:0;margin:0;line-height:1}.elementor-widget-heading .elementor-heading-title[class*=elementor-size-]>a{color:inherit;font-size:inherit;line-height:inherit}.elementor-widget-heading .elementor-heading-title.elementor-size-small{font-size:15px}.elementor-widget-heading .elementor-heading-title.elementor-size-medium{font-size:19px}.elementor-widget-heading .elementor-heading-title.elementor-size-large{font-size:29px}.elementor-widget-heading .elementor-heading-title.elementor-size-xl{font-size:39px}.elementor-widget-heading .elementor-heading-title.elementor-size-xxl{font-size:59px}<\/style><h2 class=\"elementor-heading-title elementor-size-default\">Bizden haberdar olmak i\u00e7in sosyal medya hesaplar\u0131m\u0131z\u0131 takip edebilirsiniz!<\/h2>\t\t<\/div>\n\t\t\t\t<\/div>\n\t\t\t\t<div class=\"elementor-element elementor-element-d8f75ec elementor-widget elementor-widget-image\" data-id=\"d8f75ec\" data-element_type=\"widget\" data-widget_type=\"image.default\">\n\t\t\t\t<div class=\"elementor-widget-container\">\n\t\t\t\t\t\t\t\t\t\t\t\t\t\t\t\t<a href=\"https:\/\/www.instagram.com\/torosticaretim\/\" target=\"_blank\">\n\t\t\t\t\t\t\t<img decoding=\"async\" width=\"800\" height=\"700\" src=\"https:\/\/torosticaret.com.tr\/wp-content\/uploads\/2022\/04\/Sosyal-medya-haber.jpg\" class=\"attachment-large size-large\" alt=\"\" srcset=\"https:\/\/torosticaret.com.tr\/wp-content\/uploads\/2022\/04\/Sosyal-medya-haber.jpg 1011w, https:\/\/torosticaret.com.tr\/wp-content\/uploads\/2022\/04\/Sosyal-medya-haber-300x262.jpg 300w, https:\/\/torosticaret.com.tr\/wp-content\/uploads\/2022\/04\/Sosyal-medya-haber-768x672.jpg 768w\" sizes=\"(max-width: 800px) 100vw, 800px\" \/>\t\t\t\t\t\t\t\t<\/a>\n\t\t\t\t\t\t\t\t\t\t\t\t\t\t\t<\/div>\n\t\t\t\t<\/div>\n\t\t\t\t\t<\/div>\n\t\t<\/div>\n\t\t\t\t<div class=\"elementor-column elementor-col-50 elementor-top-column elementor-element elementor-element-2fca45a\" data-id=\"2fca45a\" data-element_type=\"column\">\n\t\t\t<div class=\"elementor-widget-wrap elementor-element-populated\">\n\t\t\t\t\t\t\t\t<div class=\"elementor-element elementor-element-5114c9e elementor-widget elementor-widget-heading\" data-id=\"5114c9e\" data-element_type=\"widget\" data-widget_type=\"heading.default\">\n\t\t\t\t<div class=\"elementor-widget-container\">\n\t\t\t<h2 class=\"elementor-heading-title elementor-size-default\">Yeni web sitemiz yay\u0131nda!<\/h2>\t\t<\/div>\n\t\t\t\t<\/div>\n\t\t\t\t<div class=\"elementor-element elementor-element-a75ffb0 elementor-widget elementor-widget-image\" data-id=\"a75ffb0\" data-element_type=\"widget\" data-widget_type=\"image.default\">\n\t\t\t\t<div class=\"elementor-widget-container\">\n\t\t\t\t\t\t\t\t\t\t\t\t\t\t\t\t<a href=\"https:\/\/www.instagram.com\/torosticaretim\/\" target=\"_blank\">\n\t\t\t\t\t\t\t<img decoding=\"async\" width=\"567\" height=\"823\" src=\"https:\/\/torosticaret.com.tr\/wp-content\/uploads\/2022\/04\/web-sayfasi.jpg\" class=\"attachment-large size-large\" alt=\"\" srcset=\"https:\/\/torosticaret.com.tr\/wp-content\/uploads\/2022\/04\/web-sayfasi.jpg 567w, https:\/\/torosticaret.com.tr\/wp-content\/uploads\/2022\/04\/web-sayfasi-207x300.jpg 207w\" sizes=\"(max-width: 567px) 100vw, 567px\" \/>\t\t\t\t\t\t\t\t<\/a>\n\t\t\t\t\t\t\t\t\t\t\t\t\t\t\t<\/div>\n\t\t\t\t<\/div>\n\t\t\t\t\t<\/div>\n\t\t<\/div>\n\t\t\t\t\t\t\t<\/div>\n\t\t<\/section>\n\t\t\t\t\t\t\t<\/div>\n\t\t","protected":false},"excerpt":{"rendered":"<p>Bizden haberdar olmak i\u00e7in sosyal medya hesaplar\u0131m\u0131z\u0131 takip edebilirsiniz! Yeni web sitemiz yay\u0131nda!<\/p>\n","protected":false},"author":2,"featured_media":0,"parent":0,"menu_order":0,"comment_status":"closed","ping_status":"closed","template":"elementor_canvas","meta":{"footnotes":""},"class_list":["post-922","page","type-page","status-publish","hentry"],"_links":{"self":[{"href":"https:\/\/torosticaret.com.tr\/index.php?rest_route=\/wp\/v2\/pages\/922","targetHints":{"allow":["GET"]}}],"collection":[{"href":"https:\/\/torosticaret.com.tr\/index.php?rest_route=\/wp\/v2\/pages"}],"about":[{"href":"https:\/\/torosticaret.com.tr\/index.php?rest_route=\/wp\/v2\/types\/page"}],"author":[{"embeddable":true,"href":"https:\/\/torosticaret.com.tr\/index.php?rest_route=\/wp\/v2\/users\/2"}],"replies":[{"embeddable":true,"href":"https:\/\/torosticaret.com.tr\/index.php?rest_route=%2Fwp%2Fv2%2Fcomments&post=922"}],"version-history":[{"count":37,"href":"https:\/\/torosticaret.com.tr\/index.php?rest_route=\/wp\/v2\/pages\/922\/revisions"}],"predecessor-version":[{"id":987,"href":"https:\/\/torosticaret.com.tr\/index.php?rest_route=\/wp\/v2\/pages\/922\/revisions\/987"}],"wp:attachment":[{"href":"https:\/\/torosticaret.com.tr\/index.php?rest_route=%2Fwp%2Fv2%2Fmedia&parent=922"}],"curies":[{"name":"wp","href":"https:\/\/api.w.org\/{rel}","templated":true}]}}