{"id":231,"date":"2022-03-21T16:38:24","date_gmt":"2022-03-21T13:38:24","guid":{"rendered":"http:\/\/torosticaret.com.tr\/?page_id=231"},"modified":"2022-04-13T13:58:36","modified_gmt":"2022-04-13T10:58:36","slug":"hakkimizda","status":"publish","type":"page","link":"https:\/\/torosticaret.com.tr\/?page_id=231","title":{"rendered":"Hakk\u0131m\u0131zda"},"content":{"rendered":"\t\t<div data-elementor-type=\"wp-page\" data-elementor-id=\"231\" class=\"elementor elementor-231\">\n\t\t\t\t\t\t\t\t\t<section class=\"elementor-section elementor-top-section elementor-element elementor-element-cdfb86b elementor-section-full_width elementor-section-height-default elementor-section-height-default\" data-id=\"cdfb86b\" data-element_type=\"section\">\n\t\t\t\t\t\t<div class=\"elementor-container elementor-column-gap-default\">\n\t\t\t\t\t<div class=\"elementor-column elementor-col-100 elementor-top-column elementor-element elementor-element-788bc34\" data-id=\"788bc34\" data-element_type=\"column\">\n\t\t\t<div class=\"elementor-widget-wrap elementor-element-populated\">\n\t\t\t\t\t\t\t\t<div class=\"elementor-element elementor-element-8ab145a elementor-widget elementor-widget-image\" data-id=\"8ab145a\" data-element_type=\"widget\" data-widget_type=\"image.default\">\n\t\t\t\t<div class=\"elementor-widget-container\">\n\t\t\t<style>\/*! elementor - v3.6.4 - 13-04-2022 *\/\n.elementor-widget-image{text-align:center}.elementor-widget-image a{display:inline-block}.elementor-widget-image a img[src$=\".svg\"]{width:48px}.elementor-widget-image img{vertical-align:middle;display:inline-block}<\/style>\t\t\t\t\t\t\t\t\t\t\t\t<img decoding=\"async\" width=\"1600\" height=\"303\" src=\"https:\/\/torosticaret.com.tr\/wp-content\/uploads\/2022\/04\/kurumsalbanner.jpg\" class=\"attachment-full size-full\" alt=\"\" srcset=\"https:\/\/torosticaret.com.tr\/wp-content\/uploads\/2022\/04\/kurumsalbanner.jpg 1600w, https:\/\/torosticaret.com.tr\/wp-content\/uploads\/2022\/04\/kurumsalbanner-300x57.jpg 300w, https:\/\/torosticaret.com.tr\/wp-content\/uploads\/2022\/04\/kurumsalbanner-1024x194.jpg 1024w, https:\/\/torosticaret.com.tr\/wp-content\/uploads\/2022\/04\/kurumsalbanner-768x145.jpg 768w, https:\/\/torosticaret.com.tr\/wp-content\/uploads\/2022\/04\/kurumsalbanner-1536x291.jpg 1536w\" sizes=\"(max-width: 1600px) 100vw, 1600px\" \/>\t\t\t\t\t\t\t\t\t\t\t\t\t\t\t<\/div>\n\t\t\t\t<\/div>\n\t\t\t\t\t<\/div>\n\t\t<\/div>\n\t\t\t\t\t\t\t<\/div>\n\t\t<\/section>\n\t\t\t\t<section class=\"elementor-section elementor-top-section elementor-element elementor-element-c6772f5 elementor-section-boxed elementor-section-height-default elementor-section-height-default\" data-id=\"c6772f5\" data-element_type=\"section\">\n\t\t\t\t\t\t<div class=\"elementor-container elementor-column-gap-default\">\n\t\t\t\t\t<div class=\"elementor-column elementor-col-100 elementor-top-column elementor-element elementor-element-c1129f4\" data-id=\"c1129f4\" data-element_type=\"column\">\n\t\t\t<div class=\"elementor-widget-wrap elementor-element-populated\">\n\t\t\t\t\t\t\t\t<div class=\"elementor-element elementor-element-c2aa1a1 elementor-widget elementor-widget-heading\" data-id=\"c2aa1a1\" data-element_type=\"widget\" data-widget_type=\"heading.default\">\n\t\t\t\t<div class=\"elementor-widget-container\">\n\t\t\t<style>\/*! elementor - v3.6.4 - 13-04-2022 *\/\n.elementor-heading-title{padding:0;margin:0;line-height:1}.elementor-widget-heading .elementor-heading-title[class*=elementor-size-]>a{color:inherit;font-size:inherit;line-height:inherit}.elementor-widget-heading .elementor-heading-title.elementor-size-small{font-size:15px}.elementor-widget-heading .elementor-heading-title.elementor-size-medium{font-size:19px}.elementor-widget-heading .elementor-heading-title.elementor-size-large{font-size:29px}.elementor-widget-heading .elementor-heading-title.elementor-size-xl{font-size:39px}.elementor-widget-heading .elementor-heading-title.elementor-size-xxl{font-size:59px}<\/style><h2 class=\"elementor-heading-title elementor-size-default\">Biz kimiz, neler yap\u0131yoruz?<\/h2>\t\t<\/div>\n\t\t\t\t<\/div>\n\t\t\t\t\t<\/div>\n\t\t<\/div>\n\t\t\t\t\t\t\t<\/div>\n\t\t<\/section>\n\t\t\t\t<section class=\"elementor-section elementor-top-section elementor-element elementor-element-ef000e3 elementor-section-boxed elementor-section-height-default elementor-section-height-default\" data-id=\"ef000e3\" data-element_type=\"section\">\n\t\t\t\t\t\t<div class=\"elementor-container elementor-column-gap-default\">\n\t\t\t\t\t<div class=\"elementor-column elementor-col-50 elementor-top-column elementor-element elementor-element-48c5c78\" data-id=\"48c5c78\" data-element_type=\"column\">\n\t\t\t<div class=\"elementor-widget-wrap elementor-element-populated\">\n\t\t\t\t\t\t\t\t<div class=\"elementor-element elementor-element-d9dbbae elementor-widget elementor-widget-image\" data-id=\"d9dbbae\" data-element_type=\"widget\" data-widget_type=\"image.default\">\n\t\t\t\t<div class=\"elementor-widget-container\">\n\t\t\t\t\t\t\t\t\t\t\t\t\t\t\t<img decoding=\"async\" width=\"800\" height=\"450\" src=\"https:\/\/torosticaret.com.tr\/wp-content\/uploads\/2022\/04\/kurumsal_yonetim-1024x576.jpg\" class=\"attachment-large size-large\" alt=\"\" srcset=\"https:\/\/torosticaret.com.tr\/wp-content\/uploads\/2022\/04\/kurumsal_yonetim-1024x576.jpg 1024w, https:\/\/torosticaret.com.tr\/wp-content\/uploads\/2022\/04\/kurumsal_yonetim-300x169.jpg 300w, https:\/\/torosticaret.com.tr\/wp-content\/uploads\/2022\/04\/kurumsal_yonetim-768x432.jpg 768w, https:\/\/torosticaret.com.tr\/wp-content\/uploads\/2022\/04\/kurumsal_yonetim-1536x864.jpg 1536w, https:\/\/torosticaret.com.tr\/wp-content\/uploads\/2022\/04\/kurumsal_yonetim.jpg 2000w\" sizes=\"(max-width: 800px) 100vw, 800px\" \/>\t\t\t\t\t\t\t\t\t\t\t\t\t\t\t<\/div>\n\t\t\t\t<\/div>\n\t\t\t\t\t<\/div>\n\t\t<\/div>\n\t\t\t\t<div class=\"elementor-column elementor-col-50 elementor-top-column elementor-element elementor-element-629fbab\" data-id=\"629fbab\" data-element_type=\"column\">\n\t\t\t<div class=\"elementor-widget-wrap elementor-element-populated\">\n\t\t\t\t\t\t\t\t<div class=\"elementor-element elementor-element-fa20c0c elementor-widget elementor-widget-text-editor\" data-id=\"fa20c0c\" data-element_type=\"widget\" data-widget_type=\"text-editor.default\">\n\t\t\t\t<div class=\"elementor-widget-container\">\n\t\t\t<style>\/*! elementor - v3.6.4 - 13-04-2022 *\/\n.elementor-widget-text-editor.elementor-drop-cap-view-stacked .elementor-drop-cap{background-color:#818a91;color:#fff}.elementor-widget-text-editor.elementor-drop-cap-view-framed .elementor-drop-cap{color:#818a91;border:3px solid;background-color:transparent}.elementor-widget-text-editor:not(.elementor-drop-cap-view-default) .elementor-drop-cap{margin-top:8px}.elementor-widget-text-editor:not(.elementor-drop-cap-view-default) .elementor-drop-cap-letter{width:1em;height:1em}.elementor-widget-text-editor .elementor-drop-cap{float:left;text-align:center;line-height:1;font-size:50px}.elementor-widget-text-editor .elementor-drop-cap-letter{display:inline-block}<\/style>\t\t\t\t<p>1979 y\u0131l\u0131nda \u0130zmir 1. Sanayi Sitesi&#8217;nde kurulan ve 2. kalite boru profil sat\u0131\u015f\u0131yla ticaret hayat\u0131na ba\u015flayan Toros Ticaret,\u00a0 zamanla de\u011fi\u015fen sekt\u00f6rel ihtiya\u00e7lar do\u011frultusunda yakla\u015f\u0131k 40 y\u0131ld\u0131r kendini yenileyerek, geli\u015ftirerek y\u00fcksek i\u015f ahlak\u0131yla yoluna devam etmektedir.\u00a0<\/p><p>Kurumumuz bug\u00fcn bir Merkez ve \u00fc\u00e7 \u015eubesinde m\u00fc\u015fterilerine 40 y\u0131ll\u0131k tecr\u00fcbesi ve\u00a0 g\u00fcvenilir tedarik\u00e7i a\u011f\u0131yla hizmet vermeye devam etmektedir.\u00a0\u00a0<br \/>Toros Ticaret \u00e7\u0131kt\u0131\u011f\u0131 bu yolda \u201dD\u00fcr\u00fcst ve \u0130lkeli Ticaret&#8221; mottosuyla fark\u0131n\u0131 ortaya koymak suretiyle m\u00fc\u015fterileri ve tedarik\u00e7ileri ile sa\u011flam bir ili\u015fki kurarak ticaretini s\u00fcrd\u00fcrmektedir.\u00a0<\/p><p>M\u00fc\u015fteri odakl\u0131 hizmet anlay\u0131\u015f\u0131yla birlikte,\u00a0 40 y\u0131ll\u0131k taviz vermeyen, s\u00f6z\u00fcn\u00fcn arkas\u0131nda duran, g\u00fcvenilir bir marka imaj\u0131n\u0131 \u015fimdi oldu\u011fu\u00a0 gibi gelecekte de\u00a0 devam ettirmek Toros Ticaret\u2019in\u00a0 en b\u00fcy\u00fck amac\u0131d\u0131r.<\/p>\t\t\t\t\t\t<\/div>\n\t\t\t\t<\/div>\n\t\t\t\t\t<\/div>\n\t\t<\/div>\n\t\t\t\t\t\t\t<\/div>\n\t\t<\/section>\n\t\t\t\t\t\t\t<\/div>\n\t\t","protected":false},"excerpt":{"rendered":"<p>Biz kimiz, neler yap\u0131yoruz? 1979 y\u0131l\u0131nda \u0130zmir 1. Sanayi Sitesi&#8217;nde kurulan ve 2. kalite boru profil sat\u0131\u015f\u0131yla ticaret hayat\u0131na ba\u015flayan Toros Ticaret,\u00a0 zamanla de\u011fi\u015fen sekt\u00f6rel ihtiya\u00e7lar do\u011frultusunda yakla\u015f\u0131k 40 y\u0131ld\u0131r kendini yenileyerek, geli\u015ftirerek y\u00fcksek i\u015f ahlak\u0131yla yoluna devam etmektedir.\u00a0 Kurumumuz bug\u00fcn bir Merkez ve \u00fc\u00e7 \u015eubesinde m\u00fc\u015fterilerine 40 y\u0131ll\u0131k tecr\u00fcbesi ve\u00a0 g\u00fcvenilir tedarik\u00e7i a\u011f\u0131yla hizmet [&hellip;]<\/p>\n","protected":false},"author":2,"featured_media":0,"parent":0,"menu_order":0,"comment_status":"closed","ping_status":"closed","template":"elementor_canvas","meta":{"footnotes":""},"class_list":["post-231","page","type-page","status-publish","hentry"],"_links":{"self":[{"href":"https:\/\/torosticaret.com.tr\/index.php?rest_route=\/wp\/v2\/pages\/231","targetHints":{"allow":["GET"]}}],"collection":[{"href":"https:\/\/torosticaret.com.tr\/index.php?rest_route=\/wp\/v2\/pages"}],"about":[{"href":"https:\/\/torosticaret.com.tr\/index.php?rest_route=\/wp\/v2\/types\/page"}],"author":[{"embeddable":true,"href":"https:\/\/torosticaret.com.tr\/index.php?rest_route=\/wp\/v2\/users\/2"}],"replies":[{"embeddable":true,"href":"https:\/\/torosticaret.com.tr\/index.php?rest_route=%2Fwp%2Fv2%2Fcomments&post=231"}],"version-history":[{"count":40,"href":"https:\/\/torosticaret.com.tr\/index.php?rest_route=\/wp\/v2\/pages\/231\/revisions"}],"predecessor-version":[{"id":587,"href":"https:\/\/torosticaret.com.tr\/index.php?rest_route=\/wp\/v2\/pages\/231\/revisions\/587"}],"wp:attachment":[{"href":"https:\/\/torosticaret.com.tr\/index.php?rest_route=%2Fwp%2Fv2%2Fmedia&parent=231"}],"curies":[{"name":"wp","href":"https:\/\/api.w.org\/{rel}","templated":true}]}}